{"id":3613,"date":"2024-01-08T11:13:19","date_gmt":"2024-01-08T11:13:19","guid":{"rendered":"https:\/\/dreamsrent-wp.dreamstechnologies.com\/?page_id=3613"},"modified":"2025-10-19T12:56:27","modified_gmt":"2025-10-19T10:56:27","slug":"faq","status":"publish","type":"page","link":"https:\/\/garciascarrentaltci.com\/es\/faq\/","title":{"rendered":"FAQ"},"content":{"rendered":"<div data-elementor-type=\"wp-page\" data-elementor-id=\"3613\" class=\"elementor elementor-3613\">\n\t\t\t\t\t\t<section class=\"elementor-section elementor-top-section elementor-element elementor-element-b31bff5 section faq-section elementor-section-boxed elementor-section-height-default elementor-section-height-default\" data-id=\"b31bff5\" data-element_type=\"section\" data-e-type=\"section\">\n\t\t\t\t\t\t<div class=\"elementor-container elementor-column-gap-default\">\n\t\t\t\t\t<div class=\"elementor-column elementor-col-100 elementor-top-column elementor-element elementor-element-8d348fc\" data-id=\"8d348fc\" data-element_type=\"column\" data-e-type=\"column\">\n\t\t\t<div class=\"elementor-widget-wrap elementor-element-populated\">\n\t\t\t\t\t\t<div class=\"elementor-element elementor-element-1c618d4 elementor-widget elementor-widget-dreamsrent_elementor_faq\" data-id=\"1c618d4\" data-element_type=\"widget\" data-e-type=\"widget\" data-widget_type=\"dreamsrent_elementor_faq.default\">\n\t\t\t\t<div class=\"elementor-widget-container\">\n\t\t\t\t\t<div class=\"faq-info\">\r\n\t<!-- Carousel Item -->\r\n\r\n\t<div class=\"faq-card bg-white\" data-aos=\"fade-down\">\r\n\t\t\t\t\t\t<h4 class=\"faq-title\">\r\n\t\t\t\t\t\t\t<a class=\"collapseds\" data-bs-toggle=\"collapse\" href=\"#faq_1\"  aria-expanded=\"true\">\u00bfQu\u00e9 edad debo tener para alquilar un coche?<\/a>\r\n\t\t\t\t\t\t<\/h4>\r\n\t\t\t\t\t\t<div id=\"faq_1\" class=\"card-collapse    collapsed show\">\r\n\t\t\t\t\t\t\t<p>Esto depende de d\u00f3nde quieras alquilar un coche. Aunque en muchos pa\u00edses europeos y en los estados de Nueva York y Michigan (Estados Unidos) puedes alquilar un coche a partir de los 18 a\u00f1os, en muchos otros lugares debes tener 21 a\u00f1os. Puedes comprobarlo f\u00e1cilmente introduciendo tu edad antes de hacer clic en \u00abBuscar ahora\u00bb.\n\nTen en cuenta que la mayor\u00eda de las empresas de alquiler cobran un suplemento por conductor joven a los menores de 25 a\u00f1os, aunque esta edad var\u00eda seg\u00fan la empresa y la ubicaci\u00f3n. Si introduces tu edad antes de buscar, incluimos este suplemento en el total, lo que facilita la comparaci\u00f3n.<\/p>\r\n\t\t\t\t\t\t<\/div>\r\n\t\t\t\t\t<\/div>\t\r\n\r\n \r\n\r\n\t<div class=\"faq-card bg-white\" data-aos=\"fade-down\">\r\n\t\t\t\t\t\t<h4 class=\"faq-title\">\r\n\t\t\t\t\t\t\t<a class=\"collapseds   collapsed\" data-bs-toggle=\"collapse\" href=\"#faq_2\"  aria-expanded=\"false\" >\u00bfQu\u00e9 necesito para alquilar un coche?<\/a>\r\n\t\t\t\t\t\t<\/h4>\r\n\t\t\t\t\t\t<div id=\"faq_2\" class=\"card-collapse  collapse\">\r\n\t\t\t\t\t\t\t<p>En primer lugar, necesita un permiso de conducir v\u00e1lido. En la mayor\u00eda de los casos, debe tenerlo vigente por al menos un (1) a\u00f1o. Tambi\u00e9n necesita una tarjeta de cr\u00e9dito (o d\u00e9bito, donde se acepte) para pagar el alquiler, dejar un dep\u00f3sito y el comprobante que recibir\u00e1 tras la confirmaci\u00f3n de su reserva.<\/p>\r\n\t\t\t\t\t\t<\/div>\r\n\t\t\t\t\t<\/div>\t\r\n\r\n \r\n\r\n\t<div class=\"faq-card bg-white\" data-aos=\"fade-down\">\r\n\t\t\t\t\t\t<h4 class=\"faq-title\">\r\n\t\t\t\t\t\t\t<a class=\"collapseds   collapsed\" data-bs-toggle=\"collapse\" href=\"#faq_3\"  aria-expanded=\"false\" >\u00bfQu\u00e9 pasa si mis planes cambian?<\/a>\r\n\t\t\t\t\t\t<\/h4>\r\n\t\t\t\t\t\t<div id=\"faq_3\" class=\"card-collapse  collapse\">\r\n\t\t\t\t\t\t\t<p>Al reservar un coche a trav\u00e9s de https:\/\/garciascarrentaltci.com\/, puede modificar o cancelar su reserva gratuitamente hasta 48 horas antes de la fecha prevista para recoger el veh\u00edculo.<\/p>\r\n\t\t\t\t\t\t<\/div>\r\n\t\t\t\t\t<\/div>\t\r\n\r\n \r\n<!-- \/Carousel Item  -->\r\n<\/div>\r\n\t\t\t\t\t\t<\/div>\n\t\t\t\t<\/div>\n\t\t\t\t\t<\/div>\n\t\t<\/div>\n\t\t\t\t\t<\/div>\n\t\t<\/section>\n\t\t\t\t<\/div>","protected":false},"excerpt":{"rendered":"<p>How old do I need to be to rent a car? This depends on where you would like to rent a car. Though you can rent a car at the age of 18 in many European countries and the states of New York and Michigan in the United States, in many locations you must be [&hellip;]<\/p>\n","protected":false},"author":1,"featured_media":0,"parent":0,"menu_order":0,"comment_status":"closed","ping_status":"closed","template":"templates\/elementor-page-template.php","meta":{"footnotes":""},"class_list":["post-3613","page","type-page","status-publish","hentry"],"_links":{"self":[{"href":"https:\/\/garciascarrentaltci.com\/es\/wp-json\/wp\/v2\/pages\/3613","targetHints":{"allow":["GET"]}}],"collection":[{"href":"https:\/\/garciascarrentaltci.com\/es\/wp-json\/wp\/v2\/pages"}],"about":[{"href":"https:\/\/garciascarrentaltci.com\/es\/wp-json\/wp\/v2\/types\/page"}],"author":[{"embeddable":true,"href":"https:\/\/garciascarrentaltci.com\/es\/wp-json\/wp\/v2\/users\/1"}],"replies":[{"embeddable":true,"href":"https:\/\/garciascarrentaltci.com\/es\/wp-json\/wp\/v2\/comments?post=3613"}],"version-history":[{"count":0,"href":"https:\/\/garciascarrentaltci.com\/es\/wp-json\/wp\/v2\/pages\/3613\/revisions"}],"wp:attachment":[{"href":"https:\/\/garciascarrentaltci.com\/es\/wp-json\/wp\/v2\/media?parent=3613"}],"curies":[{"name":"wp","href":"https:\/\/api.w.org\/{rel}","templated":true}]}}